{"id":1233,"date":"2015-04-23T15:38:58","date_gmt":"2015-04-23T15:38:58","guid":{"rendered":"http:\/\/www.galianoart.com\/?page_id=1233"},"modified":"2016-02-29T18:25:44","modified_gmt":"2016-02-29T18:25:44","slug":"blog","status":"publish","type":"page","link":"https:\/\/www.galianoart.com\/?page_id=1233","title":{"rendered":"Blog"},"content":{"rendered":"<p><a href=\"http:\/\/www.galianoart.com\/wp-content\/uploads\/2016\/02\/ESPMELANCOLICA.jpg\"><img loading=\"lazy\" decoding=\"async\" class=\"alignnone size-medium wp-image-1316\" src=\"http:\/\/www.galianoart.com\/wp-content\/uploads\/2016\/02\/ESPMELANCOLICA-300x199.jpg\" alt=\"ESPMELANCOLICA\" width=\"300\" height=\"199\" srcset=\"https:\/\/www.galianoart.com\/wp-content\/uploads\/2016\/02\/ESPMELANCOLICA-300x199.jpg 300w, https:\/\/www.galianoart.com\/wp-content\/uploads\/2016\/02\/ESPMELANCOLICA-1024x679.jpg 1024w, https:\/\/www.galianoart.com\/wp-content\/uploads\/2016\/02\/ESPMELANCOLICA-226x150.jpg 226w, https:\/\/www.galianoart.com\/wp-content\/uploads\/2016\/02\/ESPMELANCOLICA-150x99.jpg 150w, https:\/\/www.galianoart.com\/wp-content\/uploads\/2016\/02\/ESPMELANCOLICA.jpg 1762w\" sizes=\"auto, (max-width: 300px) 100vw, 300px\" \/><\/a>Si tienen la ocasi\u00f3n, escuchen cuando puedan el preludio de la \u00f3pera Trist\u00e1n e Isolda, de Richard Wagner, y entender\u00e1n musicalmente el sentimiento de un estado melanc\u00f3lico. De hecho, la melod\u00eda de dicha pieza sirve de banda sonora del comienzo de la pel\u00edcula danesa titulada precisamente \u201cMelancholia\u201d (2011), del director Lars von Trier.<\/p>\n<p>&nbsp;<\/p>\n<p>La Historia de los pueblos viene a ser como la vida de las personas. Las hay m\u00e1s convulsas o menos, m\u00e1s cortas o largas, m\u00e1s tr\u00e1gicas o fruct\u00edferas. La nuestra, adem\u00e1s de una de las m\u00e1s dilatadas entre las Naciones contempor\u00e1neas, posee una trayectoria ciclot\u00edmica. Lejos de la imagen machadiana de charanga y pandereta, o la creada por el r\u00e9gimen franquista de \u201cdifferent\u201d, lo cierto es que, desde los tiempos modernos, es principalmente un pa\u00eds embargado por lo bipolar, por los d\u00edas de nada despu\u00e9s de mucho, por la decadencia tras la descomposici\u00f3n del Imperio y por la brecha abierta de una relaci\u00f3n fraternal irreconciliable, la que nos hiela el coraz\u00f3n y nos hace deambular por el devenir de nuestro propio destino, como don Quijote, pobre. \u00a1Cu\u00e1ntos \u201csanchos\u201d faltan!<\/p>\n<p>&nbsp;<\/p>\n<p>Quijotes fuimos los que pensamos que la Transici\u00f3n cerraba heridas y albergaba un \u201crenacimiento\u201d dentro de Europa. Quijotes fuimos los que cre\u00edamos en un porvenir y un nuevo periodo de desarrollo. Como el que nuestros padres emprendieron en otros tiempos y por otros motivos. Ahora resulta que mi generaci\u00f3n y, desde luego, la de nuestros hijos, vivir\u00e1n peor que sus progenitores. \u00a1Claro que Espa\u00f1a ha cambiado y claro que ha mejorado en muchos aspectos! Pero hasta para reconocer nuestras virtudes nos hemos vuelto miserables.<\/p>\n<p>&nbsp;<\/p>\n<p>Fue la Generaci\u00f3n del 98 la que mostr\u00f3 sin matices su preocupaci\u00f3n por Espa\u00f1a y su colectivo estado melanc\u00f3lico, pero otros grandes dignatarios han confesado en p\u00fablico su tendencia a una resignada tristeza. Tal vez el conocer privilegiadamente los entresijos de nuestra Naci\u00f3n, conlleva irremediablemente a padecer esa vaguedad sentimental, ese escepticismo resignado. Adolfo Su\u00e1rez, tras la experiencia de UCD, solicitaba con tristeza a su electorado que le quisieran menos y le votaran m\u00e1s. Leopoldo Calvo-Sotelo era en s\u00ed mismo una esfinge solitaria. Felipe Gonz\u00e1lez la manifest\u00f3 en p\u00fablico reconociendo incluso padecerla \u201ccl\u00ednicamente\u201d. El propio rey Juan Carlos la mostr\u00f3 sin disimulo en diferentes momentos de su agitada vida. Y hasta recientemente Mariano Rajoy ha confesado su inmenso pesar al hab\u00e9rsele declarado persona non grata en su propia ciudad. Las altas responsabilidades propician, sin duda, ser v\u00edctimas de la melancol\u00eda y, por unos motivos u otros, todos la han padecido.<\/p>\n<p>&nbsp;<\/p>\n<p>Pero yo insisto, como los del 98, en esa tristeza colectiva actual que observo y comento con muchos con los que comparto esta inquietud. No es de extra\u00f1ar. Si nuestra singular Fiesta es denostada y manipulada, si nuestro himno es silbado, si el nombre de nuestro pa\u00eds se convierte en innombrable, si vemos que las historias sobre corrupci\u00f3n triunfan sobre las del esfuerzo y el emprendimiento, si nuestros pol\u00edticos no se entienden entre ellos sin entender, obviamente, a su electorado, si la televisi\u00f3n que triunfa es la que se dedica al insulto y a los decibelios, si los bancos no ayudan cuando son los ayudados, si nuestros hijos trabajan a destajo con salarios de becarios, si mancillan la memoria de algunos de nuestros prohombres quit\u00e1ndoles las placas de sus calles apelando de nuevo al odio \u2013las de otros, puedo entenderlo-, si los terroristas son rescatados como h\u00e9roes y las v\u00edctimas enmudecidas en el olvido\u2026, pues ya me dir\u00e1n. Entender\u00e1n que la felicidad es ef\u00edmera y la tristeza una constante. Escuchen entonces el preludio citado de Wagner, abran una buena botella de vino, h\u00fandanse en el sill\u00f3n y lean a Machado: \u201cEn la desesperanza y en la melancol\u00eda de tu recuerdo, Espa\u00f1a, mi coraz\u00f3n se abreva.\u201d<\/p>\n<p>&nbsp;<\/p>\n<p>&nbsp;<\/p>\n","protected":false},"excerpt":{"rendered":"<p>Si tienen la ocasi\u00f3n, escuchen cuando puedan el preludio de la \u00f3pera Trist\u00e1n e Isolda, de Richard Wagner, y entender\u00e1n musicalmente el sentimiento de un estado melanc\u00f3lico. De hecho, la melod\u00eda de dicha pieza sirve de banda sonora del comienzo de la pel\u00edcula danesa titulada precisamente \u201cMelancholia\u201d (2011), del director \u2026<\/p>\n<p class=\"continue-reading-button\"> <a class=\"continue-reading-link\" href=\"https:\/\/www.galianoart.com\/?page_id=1233\">Continuar leyendo<i class=\"crycon-right-dir\"><\/i><\/a><\/p>\n","protected":false},"author":1,"featured_media":0,"parent":0,"menu_order":0,"comment_status":"closed","ping_status":"closed","template":"templates\/template-blog.php","meta":{"footnotes":""},"class_list":["post-1233","page","type-page","status-publish","hentry"],"_links":{"self":[{"href":"https:\/\/www.galianoart.com\/index.php?rest_route=\/wp\/v2\/pages\/1233","targetHints":{"allow":["GET"]}}],"collection":[{"href":"https:\/\/www.galianoart.com\/index.php?rest_route=\/wp\/v2\/pages"}],"about":[{"href":"https:\/\/www.galianoart.com\/index.php?rest_route=\/wp\/v2\/types\/page"}],"author":[{"embeddable":true,"href":"https:\/\/www.galianoart.com\/index.php?rest_route=\/wp\/v2\/users\/1"}],"replies":[{"embeddable":true,"href":"https:\/\/www.galianoart.com\/index.php?rest_route=%2Fwp%2Fv2%2Fcomments&post=1233"}],"version-history":[{"count":6,"href":"https:\/\/www.galianoart.com\/index.php?rest_route=\/wp\/v2\/pages\/1233\/revisions"}],"predecessor-version":[{"id":1320,"href":"https:\/\/www.galianoart.com\/index.php?rest_route=\/wp\/v2\/pages\/1233\/revisions\/1320"}],"wp:attachment":[{"href":"https:\/\/www.galianoart.com\/index.php?rest_route=%2Fwp%2Fv2%2Fmedia&parent=1233"}],"curies":[{"name":"wp","href":"https:\/\/api.w.org\/{rel}","templated":true}]}}