{"id":5,"date":"2014-02-27T09:46:15","date_gmt":"2014-02-27T09:46:15","guid":{"rendered":"http:\/\/www.galianoart.com\/?page_id=5"},"modified":"2015-04-17T11:06:52","modified_gmt":"2015-04-17T11:06:52","slug":"el-pintor","status":"publish","type":"page","link":"https:\/\/www.galianoart.com\/?page_id=5","title":{"rendered":"El pintor"},"content":{"rendered":"<p dir=\"ltr\"><a href=\"http:\/\/www.galianoart.com\/wp-content\/uploads\/2014\/02\/comentariopontor.jpg\"><img loading=\"lazy\" decoding=\"async\" class=\" wp-image-238 aligncenter\" src=\"http:\/\/www.galianoart.com\/wp-content\/uploads\/2014\/02\/comentariopontor-1024x148.jpg\" alt=\"comentariopontor\" width=\"900\" height=\"130\" srcset=\"https:\/\/www.galianoart.com\/wp-content\/uploads\/2014\/02\/comentariopontor-1024x148.jpg 1024w, https:\/\/www.galianoart.com\/wp-content\/uploads\/2014\/02\/comentariopontor-300x43.jpg 300w, https:\/\/www.galianoart.com\/wp-content\/uploads\/2014\/02\/comentariopontor-250x36.jpg 250w, https:\/\/www.galianoart.com\/wp-content\/uploads\/2014\/02\/comentariopontor-150x21.jpg 150w, https:\/\/www.galianoart.com\/wp-content\/uploads\/2014\/02\/comentariopontor.jpg 1100w\" sizes=\"auto, (max-width: 900px) 100vw, 900px\" \/><\/a><a href=\"http:\/\/www.galianoart.com\/wp-content\/uploads\/2014\/02\/repo6.jpg\"><img loading=\"lazy\" decoding=\"async\" class=\"size-full wp-image-120 alignleft\" src=\"http:\/\/www.galianoart.com\/wp-content\/uploads\/2014\/02\/repo6.jpg\" alt=\"repo6\" width=\"200\" height=\"300\" srcset=\"https:\/\/www.galianoart.com\/wp-content\/uploads\/2014\/02\/repo6.jpg 200w, https:\/\/www.galianoart.com\/wp-content\/uploads\/2014\/02\/repo6-100x150.jpg 100w\" sizes=\"auto, (max-width: 200px) 100vw, 200px\" \/><\/a>Las primeras pinturas de Emilio Fern\u00e1ndez-Galiano que conoc\u00ed fueron unas caricaturas que daban vida a unos chistes gr\u00e1ficos en una revista gremial de Zaragoza. Eran los a\u00f1os ochenta del pasado siglo, y sirvieron para que descubriera una faceta para m\u00ed entonces desconocida de una joven que conoc\u00eda del veraneo en la ciudad medieval de Sig\u00fcenza. No se trataba, como entonces cre\u00ed, de una vocaci\u00f3n tard\u00eda al estilo San Ignacio de Loyola, ni del desarrollo de un peque\u00f1o hobby con el que disfrutar las horas muertas del hacer diario. Emilio, a lo largo de su todav\u00eda joven vida, ha dado buenas muestras de cual su gran vocaci\u00f3n, tal vez estimulada por la educaci\u00f3n recibida en el madrile\u00f1o colegio de Santa Mar\u00eda de los Rosales, en donde curs\u00f3 sus estudios preuniversitarios, y en cuyo horizonte educativo ten\u00eda fuerte presencia el inter\u00e9s por el desarrollo de las artes. Los comienzos no fueron precisamente prometedores, cuando con siete a\u00f1os fue agraciado en una rifa colegial con una enorme caja de pinturas\u2026que cambi\u00f3 inmediatamente por una gran bolsa de caramelos\u2026 Pero los a\u00f1os fueron pasando, y durante el bachiller tuvo como maestro al pintor Jos\u00e9 Luis Cantero, que dej\u00f3 una imborrable huella en el alma del estudiante, y all\u00ed, gracias a Lourdes Amigo, profesora de Historia del Arte, le fue dado a conocer el Museo del prado, al cual acud\u00edan los alumnos todos lo mi\u00e9rcoles por la ma\u00f1ana durante el curso en que la asignatura era estudiada.<\/p>\n<p dir=\"ltr\">Las ense\u00f1anzas recibidas ayudan a despertar la vocaci\u00f3n, por lo que al terminar el bachillerato propone realizar los estudios de Bellas Artes, algo que a Don Antonio, el padre, catedr\u00e1tico de Derecho Natural y Filosof\u00eda del Derecho, <a href=\"http:\/\/www.galianoart.com\/wp-content\/uploads\/2014\/02\/galianoobra1.jpg\"><img loading=\"lazy\" decoding=\"async\" class=\" wp-image-118 alignright\" src=\"http:\/\/www.galianoart.com\/wp-content\/uploads\/2014\/02\/galianoobra1.jpg\" alt=\"galianoobra[1]\" width=\"400\" height=\"290\" srcset=\"https:\/\/www.galianoart.com\/wp-content\/uploads\/2014\/02\/galianoobra1.jpg 400w, https:\/\/www.galianoart.com\/wp-content\/uploads\/2014\/02\/galianoobra1-300x217.jpg 300w, https:\/\/www.galianoart.com\/wp-content\/uploads\/2014\/02\/galianoobra1-206x150.jpg 206w, https:\/\/www.galianoart.com\/wp-content\/uploads\/2014\/02\/galianoobra1-150x108.jpg 150w\" sizes=\"auto, (max-width: 400px) 100vw, 400px\" \/><\/a>parece un sinsentido, (si de su padre aprendi\u00f3 el compromiso por los grandes valores humanos, fue su madre, que tambi\u00e9n hizo sus pinitos pict\u00f3ricos, quien le ense\u00f1\u00f3 a amar el arte) por lo que Emilio se nos convierte en abogado, sin renunciar a la pintura en ning\u00fan instante. De hecho altern\u00f3, a veces sustituy\u00f3, sus clases de Derecho con las de pintura en academias privadas de Madrid. De entonces nos queda un magn\u00edfico retrato a grafito de su padre, realizado a los veinte a\u00f1os, que \u00e9ste mantuvo toda su vida en su despacho. Pronto comienza a colaborar con diversas publicaciones e instituciones practicando diversas suertes del viejo arte. As\u00ed, aparecieron dibujos suyos en las revistas de Madrid As Color, ya desaparecida, y en Auto 1. El cambio pol\u00edtico ocurrido en Espa\u00f1a a fines de la d\u00e9cada de los setenta le proporciona la oportunidad de colaborar haciendo carteles en la transici\u00f3n para las fundaciones Humanismo y Democracia y Concepci\u00f3n Arenal. M\u00e1s tarde, los avatares del trabajo le destinar\u00e1n en los a\u00f1os ochenta a la capital de Arag\u00f3n, en donde comienza a dibujar en corporaciones y fundaciones diversas, revistas gremiales, en el Heraldo de Arag\u00f3n y en el Peri\u00f3dico de Arag\u00f3n, diarios en los que publicaba un chiste pol\u00edtico diario, <img loading=\"lazy\" decoding=\"async\" class=\"alignleft\" src=\"http:\/\/www.galianoart.com\/wp-content\/uploads\/2014\/02\/elautorpportada.jpg\" alt=\"elautorpportada\" width=\"172\" height=\"243\" \/>convenientemente festejado en la comunidad aragonesa. En estos tiempos baturros, a la edad de veinticinco a\u00f1os y bajo la direcci\u00f3n art\u00edstica de Jose Alcoceba, ve publicada en la portada del relanzamiento de la revista Sal y Pimienta una caricatura de la cantaora Lola Flores dedic\u00e1ndole un especial saludo a Hacienda\u2026 Son a\u00f1os en que su dedicaci\u00f3n es pr\u00e1cticamente absoluta por la caricatura y el dibujo. No resultaba extra\u00f1o verle en alguna ocasi\u00f3n en Par\u00eds con motivo de alg\u00fan viaje de placer haciendo la competencia a los caricaturistas de Montmartre. Sus dibujos rebosan a raudales iron\u00eda y humor, en los que nuestro hombre reconoce la ayuda que para estos fines supuso el conocimiento de la obra de Norman Rockwell, ilustrador, dibujante, fot\u00f3grafo y pintor norteamericano de principios del siglo XX, ilustrador de innumerables revistas en su pa\u00eds. Para finales de la d\u00e9cada Emilio se hab\u00eda ganado un prestigio que le iba a impulsar la vuelta al \u00f3leo.<\/p>\n<p dir=\"ltr\" style=\"text-align: left;\">\u00a0Efectivamente, los a\u00f1os noventa le suponen un retorno a los tiempos antiguos: de nuevo residencia en Madrid, y de nuevo a tomar el pincel. La pintura se desarrolla a partir de entonces a trav\u00e9s de retratos, paisajes urbanos y tauromaquias preferentemente, sin olvidar la paisaj\u00edstica o los bodegones. Destacan los retratos de personajes seguntinos y encargos particulares, como los del economista Luis Bl\u00e1zquez o el librero Luis Sancho, a los que consigue dotar de vida captando al m\u00e1ximo su expresividad, o los empresarios Jos\u00e9 Antonio Le\u00f3n y Eduardo Fern\u00e1ndez-Cuesta, o el torero Jos\u00e9 Tom\u00e1s. Las figuras taurinas recogen momentos de brillantez en la ejecuci\u00f3n del pase natural, y los paisajes urbanos ofrecen una imagen de vida y fluidez, como en Callao o Central Park. Los cuadros de Galiano responden a una concepci\u00f3n posimpresionista, en los que la forma supera la<br \/>\nmera apariencia, abunda la expresividad de los objetos y las formas humanas, con utilizaci\u00f3n viva de los colores que permite, en el contraste entre los mismos, definir m\u00e1s concretamente los elementos del cuadro. Aporta tambi\u00e9n fuertes influencias del realismo<a href=\"http:\/\/www.galianoart.com\/wp-content\/uploads\/2014\/03\/Pintoryjoselito_1.jpg\"><img loading=\"lazy\" decoding=\"async\" class=\"alignright\" src=\"http:\/\/www.galianoart.com\/wp-content\/uploads\/2014\/03\/Pintoryjoselito_1.jpg\" alt=\"Pintoryjoselito_1\" width=\"400\" height=\"545\" \/><\/a><br \/>\nmoderno, tra\u00eddas de la mano de los m\u00e1s destacados representantes del movimiento, entre los que destaca el admirado Antonio L\u00f3pez. La pintura de Vel\u00e1zquez, Goya, Monet o Abell\u00f3 est\u00e1n presentes en la obra del artista, as\u00ed como la del genial valenciano Joaqu\u00edn Sorolla, cuya presencia en algunas im\u00e1genes marinas es notoria. De todas las obras que ahora por primera vez expone Emilio, el retrato de su hijo Emiche, de peque\u00f1o, es la que en mi modesta opini\u00f3n destacar\u00eda por encima.<\/p>\n<p dir=\"ltr\" style=\"text-align: left;\">Tal vez el amor de padre le haya permitido<br \/>\ncaptar en toda su intensidad la peque\u00f1a personalidad que representa. Acaso estemos ante la m\u00e1s impresionista de sus creaciones, (impresionismo tard\u00edo), presentando una imagen de menor concreci\u00f3n, casi integrada en el entorno, a su vez escasamente materializado.<a href=\"http:\/\/www.galianoart.com\/wp-content\/uploads\/2014\/02\/galianoobra1.jpg\">\u00a0<\/a><\/p>\n<p dir=\"ltr\">As\u00ed pues, de vocaci\u00f3n tard\u00eda nada. La vocaci\u00f3n antigua va incluso en aumento, ocupando cada d\u00eda m\u00e1s y m\u00e1s horas en la actividad del artista, anunciando quiz\u00e1s un futuro de plena dedicaci\u00f3n. Recientemente Alicia Davara y Lorenzo de Grandes le dieron el reconocimiento p\u00fablico al incluirle en su libro Pintores de Sig\u00fcenza junto a otros dignos artistas de la regi\u00f3n.<\/p>\n<p dir=\"ltr\" style=\"text-align: center;\"><a href=\"http:\/\/www.galianoart.com\/wp-content\/uploads\/2014\/03\/Pintoryjoselito_1.jpg\">\u00a0<\/a><\/p>\n<p dir=\"ltr\">En la actualidad colabora en la revista Luna y Sol de Madrid, en el peri\u00f3dico El Afilador de Sig\u00fcenza, ciudad en la que ha realizado los logotipos de diversas pe\u00f1as festivas.<br \/>\nY ya que hablamos de logotipos, se\u00f1alar que ha dise\u00f1ado multitudde los mismos en diversas empresas e instituciones p\u00fablicas, siempre desinteresadamente, como as\u00ed lo ha venido haciendo con la mayor parte de sus obras, habi\u00e9ndose presentado recientemente al concurso de la Administraci\u00f3n P\u00fablica para el logotipo \u00abGobierno de Espa\u00f1a\u00bb. Toda una biograf\u00eda art\u00edstica que ahora se abre paso la de este amigo para qui\u00e9n pintar es un refugio, una terapia para aquellos momentos en los que se busca descanso y soledad que permiten al individuo olvidarse de cuanto rodea.<\/p>\n<p dir=\"ltr\" style=\"text-align: left;\"><a href=\"http:\/\/www.galianoart.com\/wp-content\/uploads\/2014\/02\/comentario_1.jpg\"><img loading=\"lazy\" decoding=\"async\" class=\"size-full wp-image-841 alignleft\" src=\"http:\/\/www.galianoart.com\/wp-content\/uploads\/2014\/02\/comentario_1.jpg\" alt=\"comentario_1\" width=\"157\" height=\"165\" srcset=\"https:\/\/www.galianoart.com\/wp-content\/uploads\/2014\/02\/comentario_1.jpg 157w, https:\/\/www.galianoart.com\/wp-content\/uploads\/2014\/02\/comentario_1-142x150.jpg 142w\" sizes=\"auto, (max-width: 157px) 100vw, 157px\" \/><\/a><strong>SIG\u00dcENZA TIENE QUIEN LA PINTE <\/strong> Contaba Josep Pl\u00e1 en 1919 que en Sig\u00fcenza hay obispo, una enorme catedral, muchos conventos, dos o tres familias nobles y\u2026si todav\u00eda\u00a0 habitase entre nosotros a\u00f1adir\u00eda un excelente pintor. La ciudad siempre estuvo blindada por la literatura de alto nivel y necesitaba venirse arriba incorporando un pintor con musculatura art\u00edstica. Lo est\u00e1 consiguiendo con Emilio Fern\u00e1ndez-Galiano, el que mejor ha retratado la ciudad en su paisaje y paisanaje.\u00a0Me fascina su Alameda, el camarero de Hermanos S\u00e1nchez, todo un cl\u00e1sico de la fauna local, y el torero Jos\u00e9 Tom\u00e1s (nadie ha retratado al artista de Galapagar como \u00e9l) y toda esa colecci\u00f3n de retratos del \u201cgotha\u201d seguntino.\u00a0Estamos ante un excelente retratista y un gran pintor y en\u00a0 su obra detecto claras influencias de lo mejor de nuestro realismo moderno.No es de extra\u00f1ar que esos dos legitimadores del arte de Sig\u00fcenza, \u00a0Alicia Davara \u00a0y Lorenzo de Grandes, hayan incorporado a nuestro artista a la lista de los grandes pintores de la ciudad.<br \/>\n<strong>LORENZO D\u00cdAZ, Soci\u00f3logo, Periodista y Escritor.<\/strong><\/p>\n<p>&nbsp;<\/p>\n<p><a href=\"http:\/\/www.galianoart.com\/wp-content\/uploads\/2014\/02\/comentario_2.jpg\"><img loading=\"lazy\" decoding=\"async\" class=\"size-full wp-image-842 alignright\" src=\"http:\/\/www.galianoart.com\/wp-content\/uploads\/2014\/02\/comentario_2.jpg\" alt=\"comentario_2\" width=\"246\" height=\"255\" srcset=\"https:\/\/www.galianoart.com\/wp-content\/uploads\/2014\/02\/comentario_2.jpg 246w, https:\/\/www.galianoart.com\/wp-content\/uploads\/2014\/02\/comentario_2-144x150.jpg 144w\" sizes=\"auto, (max-width: 246px) 100vw, 246px\" \/><\/a><strong>ALMA Y DIGNIDAD<\/strong><\/p>\n<p>Los pintores de verdad que gozan pintando, y se les nota, acaban logrando que lo que plasman, sea un paisaje urbano, un momento de la naturaleza o un ser humano, compartan su\u00a0 alma con sus pinceles.<\/p>\n<p><!--?XML:NAMESPACE PREFIX = \"ST1\" \/-->Emilio Fern\u00e1ndez-Galiano, que es de Sig\u00fcenza (Guadalajara) porque los seguntinos como los de Bilbao nacen donde les da la gana, acaba mezclando\u00a0 su ojo con el ojo que retrata y por eso le salen tan bien y captan de manera tan sutil al personaje ( y resulta que algunos sean pr\u00f3ceres de la patria o parte del paisaje humano de mi tierra, los conozco) porque lo importante del ojo del pintor no es mirar el ojo del de enfrente sino \u00abver\u00bb desde el ojo que le\u00a0 est\u00e1 mirando a \u00e9l. Y es entonces cuando a la tela aflora la verdad del personaje.<\/p>\n<p>Pero Emilio logra eso tambien con los paisajes. Porque las piedras y los \u00e1rboles, aunque algunos se la nieguen, tienen esp\u00edritu, tienen alma y tienen dignidad. Y Fern\u00e1ndez-Galiano lo siente as\u00ed\u00a0 y por eso sus cuadros la tienen.<\/p>\n<p><strong>ANTONIO P\u00c9REZ<br \/>\nHENARES. Escritor y Periodista.<a href=\"http:\/\/www.galianoart.com\/wp-content\/uploads\/2014\/02\/comentario_2.jpg\"><br \/>\n<\/a><\/strong><\/p>\n","protected":false},"excerpt":{"rendered":"<p>Las primeras pinturas de Emilio Fern\u00e1ndez-Galiano que conoc\u00ed fueron unas caricaturas que daban vida a unos chistes gr\u00e1ficos en una revista gremial de Zaragoza. Eran los a\u00f1os ochenta del pasado siglo, y sirvieron para que descubriera una faceta para m\u00ed entonces desconocida de una joven que conoc\u00eda del veraneo en \u2026<\/p>\n<p class=\"continue-reading-button\"> <a class=\"continue-reading-link\" href=\"https:\/\/www.galianoart.com\/?page_id=5\">Continuar leyendo<i class=\"crycon-right-dir\"><\/i><\/a><\/p>\n","protected":false},"author":1,"featured_media":0,"parent":0,"menu_order":0,"comment_status":"closed","ping_status":"closed","template":"","meta":{"footnotes":""},"class_list":["post-5","page","type-page","status-publish","hentry"],"_links":{"self":[{"href":"https:\/\/www.galianoart.com\/index.php?rest_route=\/wp\/v2\/pages\/5","targetHints":{"allow":["GET"]}}],"collection":[{"href":"https:\/\/www.galianoart.com\/index.php?rest_route=\/wp\/v2\/pages"}],"about":[{"href":"https:\/\/www.galianoart.com\/index.php?rest_route=\/wp\/v2\/types\/page"}],"author":[{"embeddable":true,"href":"https:\/\/www.galianoart.com\/index.php?rest_route=\/wp\/v2\/users\/1"}],"replies":[{"embeddable":true,"href":"https:\/\/www.galianoart.com\/index.php?rest_route=%2Fwp%2Fv2%2Fcomments&post=5"}],"version-history":[{"count":28,"href":"https:\/\/www.galianoart.com\/index.php?rest_route=\/wp\/v2\/pages\/5\/revisions"}],"predecessor-version":[{"id":1151,"href":"https:\/\/www.galianoart.com\/index.php?rest_route=\/wp\/v2\/pages\/5\/revisions\/1151"}],"wp:attachment":[{"href":"https:\/\/www.galianoart.com\/index.php?rest_route=%2Fwp%2Fv2%2Fmedia&parent=5"}],"curies":[{"name":"wp","href":"https:\/\/api.w.org\/{rel}","templated":true}]}}