{"id":7,"date":"2014-02-27T09:46:30","date_gmt":"2014-02-27T09:46:30","guid":{"rendered":"http:\/\/www.galianoart.com\/?page_id=7"},"modified":"2016-11-27T12:13:52","modified_gmt":"2016-11-27T12:13:52","slug":"la-obra","status":"publish","type":"page","link":"https:\/\/www.galianoart.com\/?page_id=7","title":{"rendered":"La obra"},"content":{"rendered":"<p><a href=\"http:\/\/www.galianoart.com\/wp-content\/uploads\/2014\/02\/IMG_0285PR.jpg\"><img loading=\"lazy\" decoding=\"async\" class=\"alignnone size-large wp-image-1465\" src=\"http:\/\/www.galianoart.com\/wp-content\/uploads\/2014\/02\/IMG_0285PR-1024x682.jpg\" alt=\"img_0285pr\" width=\"900\" height=\"599\" srcset=\"https:\/\/www.galianoart.com\/wp-content\/uploads\/2014\/02\/IMG_0285PR-1024x682.jpg 1024w, https:\/\/www.galianoart.com\/wp-content\/uploads\/2014\/02\/IMG_0285PR-300x200.jpg 300w, https:\/\/www.galianoart.com\/wp-content\/uploads\/2014\/02\/IMG_0285PR-225x150.jpg 225w, https:\/\/www.galianoart.com\/wp-content\/uploads\/2014\/02\/IMG_0285PR-150x100.jpg 150w, https:\/\/www.galianoart.com\/wp-content\/uploads\/2014\/02\/IMG_0285PR.jpg 1701w\" sizes=\"auto, (max-width: 900px) 100vw, 900px\" \/><\/a><\/p>\n<p>En los a\u00f1os noventa vuelve a tomar los pinceles para el \u00f3leo, como ya hab\u00eda hecho en su juventud. Tanto sobre tabla como sobre lienzo, Galiano plasma sus inquietudes por la figuraci\u00f3n, el retrato y los paisajes, principalmente urbanos. En junio de 2008 expuso por primera vez en solitario en la Sala de Exposiciones del Distrito Retiro, del Ayuntamiento de Madrid, con un importante \u00e9xito de p\u00fablico y cr\u00edtica. En la actualidad prepara sendas exposiciones para las primaveras de los dos pr\u00f3ximos a\u00f1os, en Guadalajara, en Toledo y de nuevo en Madrid, en Casa de Vacas, templo art\u00edstico reconocido para artistas consagrados.<\/p>\n\n\t\t<style type=\"text\/css\">\n\t\t\t#gallery-1 {\n\t\t\t\tmargin: auto;\n\t\t\t}\n\t\t\t#gallery-1 .gallery-item {\n\t\t\t\tfloat: left;\n\t\t\t\tmargin-top: 10px;\n\t\t\t\ttext-align: center;\n\t\t\t\twidth: 33%;\n\t\t\t}\n\t\t\t#gallery-1 img {\n\t\t\t\tborder: 2px solid #cfcfcf;\n\t\t\t}\n\t\t\t#gallery-1 .gallery-caption {\n\t\t\t\tmargin-left: 0;\n\t\t\t}\n\t\t\t\/* see gallery_shortcode() in wp-includes\/media.php *\/\n\t\t<\/style>\n\t\t<div id='gallery-1' class='gallery galleryid-7 gallery-columns-3 gallery-size-large'><dl class='gallery-item'>\n\t\t\t<dt class='gallery-icon landscape'>\n\t\t\t\t<a href='https:\/\/www.galianoart.com\/?attachment_id=661'><img loading=\"lazy\" decoding=\"async\" width=\"300\" height=\"248\" src=\"https:\/\/www.galianoart.com\/wp-content\/uploads\/2014\/02\/AntonioBernal.jpg\" class=\"attachment-large size-large\" alt=\"\" srcset=\"https:\/\/www.galianoart.com\/wp-content\/uploads\/2014\/02\/AntonioBernal.jpg 300w, https:\/\/www.galianoart.com\/wp-content\/uploads\/2014\/02\/AntonioBernal-181x150.jpg 181w, https:\/\/www.galianoart.com\/wp-content\/uploads\/2014\/02\/AntonioBernal-150x124.jpg 150w\" sizes=\"auto, (max-width: 300px) 100vw, 300px\" \/><\/a>\n\t\t\t<\/dt><\/dl><dl class='gallery-item'>\n\t\t\t<dt class='gallery-icon landscape'>\n\t\t\t\t<a href='https:\/\/www.galianoart.com\/?attachment_id=660'><img loading=\"lazy\" decoding=\"async\" width=\"300\" height=\"248\" src=\"https:\/\/www.galianoart.com\/wp-content\/uploads\/2014\/02\/alfelijcr.jpg\" class=\"attachment-large size-large\" alt=\"\" srcset=\"https:\/\/www.galianoart.com\/wp-content\/uploads\/2014\/02\/alfelijcr.jpg 300w, https:\/\/www.galianoart.com\/wp-content\/uploads\/2014\/02\/alfelijcr-181x150.jpg 181w, https:\/\/www.galianoart.com\/wp-content\/uploads\/2014\/02\/alfelijcr-150x124.jpg 150w\" sizes=\"auto, (max-width: 300px) 100vw, 300px\" \/><\/a>\n\t\t\t<\/dt><\/dl><dl class='gallery-item'>\n\t\t\t<dt class='gallery-icon landscape'>\n\t\t\t\t<a href='https:\/\/www.galianoart.com\/?attachment_id=662'><img loading=\"lazy\" decoding=\"async\" width=\"300\" height=\"248\" src=\"https:\/\/www.galianoart.com\/wp-content\/uploads\/2014\/02\/LunaySol.jpg\" class=\"attachment-large size-large\" alt=\"\" srcset=\"https:\/\/www.galianoart.com\/wp-content\/uploads\/2014\/02\/LunaySol.jpg 300w, https:\/\/www.galianoart.com\/wp-content\/uploads\/2014\/02\/LunaySol-181x150.jpg 181w, https:\/\/www.galianoart.com\/wp-content\/uploads\/2014\/02\/LunaySol-150x124.jpg 150w\" sizes=\"auto, (max-width: 300px) 100vw, 300px\" \/><\/a>\n\t\t\t<\/dt><\/dl><br style=\"clear: both\" \/><dl class='gallery-item'>\n\t\t\t<dt class='gallery-icon landscape'>\n\t\t\t\t<a href='https:\/\/www.galianoart.com\/?attachment_id=742'><img loading=\"lazy\" decoding=\"async\" width=\"300\" height=\"248\" src=\"https:\/\/www.galianoart.com\/wp-content\/uploads\/2014\/02\/Marisquero-min.jpg\" class=\"attachment-large size-large\" alt=\"\" aria-describedby=\"gallery-1-742\" srcset=\"https:\/\/www.galianoart.com\/wp-content\/uploads\/2014\/02\/Marisquero-min.jpg 300w, https:\/\/www.galianoart.com\/wp-content\/uploads\/2014\/02\/Marisquero-min-181x150.jpg 181w, https:\/\/www.galianoart.com\/wp-content\/uploads\/2014\/02\/Marisquero-min-150x124.jpg 150w\" sizes=\"auto, (max-width: 300px) 100vw, 300px\" \/><\/a>\n\t\t\t<\/dt>\n\t\t\t\t<dd class='wp-caption-text gallery-caption' id='gallery-1-742'>\n\t\t\t\tMarisquero \n\t\t\t\t<\/dd><\/dl><dl class='gallery-item'>\n\t\t\t<dt class='gallery-icon landscape'>\n\t\t\t\t<a href='https:\/\/www.galianoart.com\/?attachment_id=397'><img loading=\"lazy\" decoding=\"async\" width=\"300\" height=\"248\" src=\"https:\/\/www.galianoart.com\/wp-content\/uploads\/2014\/03\/Revolera_1.jpg\" class=\"attachment-large size-large\" alt=\"\" aria-describedby=\"gallery-1-397\" srcset=\"https:\/\/www.galianoart.com\/wp-content\/uploads\/2014\/03\/Revolera_1.jpg 300w, https:\/\/www.galianoart.com\/wp-content\/uploads\/2014\/03\/Revolera_1-181x150.jpg 181w, https:\/\/www.galianoart.com\/wp-content\/uploads\/2014\/03\/Revolera_1-150x124.jpg 150w\" sizes=\"auto, (max-width: 300px) 100vw, 300px\" \/><\/a>\n\t\t\t<\/dt>\n\t\t\t\t<dd class='wp-caption-text gallery-caption' id='gallery-1-397'>\n\t\t\t\tRebolera\n\t\t\t\t<\/dd><\/dl>\n\t\t\t<br style='clear: both' \/>\n\t\t<\/div>\n\n","protected":false},"excerpt":{"rendered":"<p>En los a\u00f1os noventa vuelve a tomar los pinceles para el \u00f3leo, como ya hab\u00eda hecho en su juventud. Tanto sobre tabla como sobre lienzo, Galiano plasma sus inquietudes por la figuraci\u00f3n, el retrato y los paisajes, principalmente urbanos. En junio de 2008 expuso por primera vez en solitario en \u2026<\/p>\n<p class=\"continue-reading-button\"> <a class=\"continue-reading-link\" href=\"https:\/\/www.galianoart.com\/?page_id=7\">Continuar leyendo<i class=\"crycon-right-dir\"><\/i><\/a><\/p>\n","protected":false},"author":1,"featured_media":0,"parent":0,"menu_order":0,"comment_status":"closed","ping_status":"closed","template":"templates\/template-onecolumn.php","meta":{"footnotes":""},"class_list":["post-7","page","type-page","status-publish","hentry"],"_links":{"self":[{"href":"https:\/\/www.galianoart.com\/index.php?rest_route=\/wp\/v2\/pages\/7","targetHints":{"allow":["GET"]}}],"collection":[{"href":"https:\/\/www.galianoart.com\/index.php?rest_route=\/wp\/v2\/pages"}],"about":[{"href":"https:\/\/www.galianoart.com\/index.php?rest_route=\/wp\/v2\/types\/page"}],"author":[{"embeddable":true,"href":"https:\/\/www.galianoart.com\/index.php?rest_route=\/wp\/v2\/users\/1"}],"replies":[{"embeddable":true,"href":"https:\/\/www.galianoart.com\/index.php?rest_route=%2Fwp%2Fv2%2Fcomments&post=7"}],"version-history":[{"count":45,"href":"https:\/\/www.galianoart.com\/index.php?rest_route=\/wp\/v2\/pages\/7\/revisions"}],"predecessor-version":[{"id":1468,"href":"https:\/\/www.galianoart.com\/index.php?rest_route=\/wp\/v2\/pages\/7\/revisions\/1468"}],"wp:attachment":[{"href":"https:\/\/www.galianoart.com\/index.php?rest_route=%2Fwp%2Fv2%2Fmedia&parent=7"}],"curies":[{"name":"wp","href":"https:\/\/api.w.org\/{rel}","templated":true}]}}