{"id":9,"date":"2014-02-27T09:46:44","date_gmt":"2014-02-27T09:46:44","guid":{"rendered":"http:\/\/www.galianoart.com\/?page_id=9"},"modified":"2024-03-01T10:52:04","modified_gmt":"2024-03-01T10:52:04","slug":"exposiciones","status":"publish","type":"page","link":"https:\/\/www.galianoart.com\/?page_id=9","title":{"rendered":"Principales Exposiciones"},"content":{"rendered":"<p align=\"center\"><a href=\"http:\/\/www.galianoart.com\/wp-content\/uploads\/2014\/02\/Retiro.jpg\"><img loading=\"lazy\" decoding=\"async\" class=\"alignnone size-full wp-image-1469\" src=\"http:\/\/www.galianoart.com\/wp-content\/uploads\/2014\/02\/Retiro.jpg\" alt=\"retiro\" width=\"873\" height=\"668\" srcset=\"https:\/\/www.galianoart.com\/wp-content\/uploads\/2014\/02\/Retiro.jpg 873w, https:\/\/www.galianoart.com\/wp-content\/uploads\/2014\/02\/Retiro-300x229.jpg 300w, https:\/\/www.galianoart.com\/wp-content\/uploads\/2014\/02\/Retiro-196x150.jpg 196w, https:\/\/www.galianoart.com\/wp-content\/uploads\/2014\/02\/Retiro-150x114.jpg 150w\" sizes=\"auto, (max-width: 873px) 100vw, 873px\" \/><\/a><\/p>\n<p align=\"center\"><b>Sala de Exposiciones\u00a0 del AYUNTAMIENTO DE MADRID &#8211; DISTRITO RETIRO. Junio 2008<\/b><\/p>\n<p align=\"center\"><a href=\"http:\/\/www.galianoart.com\/wp-content\/uploads\/2014\/03\/CabeceraExpoMad.jpg\"><img loading=\"lazy\" decoding=\"async\" class=\"alignnone wp-image-297 size-medium\" src=\"http:\/\/www.galianoart.com\/wp-content\/uploads\/2014\/03\/CabeceraExpoMad1-300x196.jpg\" alt=\"CabeceraExpoMad1\" width=\"300\" height=\"196\" srcset=\"https:\/\/www.galianoart.com\/wp-content\/uploads\/2014\/03\/CabeceraExpoMad1-300x196.jpg 300w, https:\/\/www.galianoart.com\/wp-content\/uploads\/2014\/03\/CabeceraExpoMad1-1024x669.jpg 1024w, https:\/\/www.galianoart.com\/wp-content\/uploads\/2014\/03\/CabeceraExpoMad1-229x150.jpg 229w, https:\/\/www.galianoart.com\/wp-content\/uploads\/2014\/03\/CabeceraExpoMad1-150x98.jpg 150w\" sizes=\"auto, (max-width: 300px) 100vw, 300px\" \/><\/a><\/p>\n<p align=\"center\"><b>Sal<\/b><b>a de Arte CAJA GUADALAJARA &#8211; Guadalajara &#8211; Mayo de 2009<\/b><\/p>\n<p align=\"center\"><a href=\"http:\/\/www.galianoart.com\/wp-content\/uploads\/2014\/02\/trip-cap-GALIANO1.jpg\"><img loading=\"lazy\" decoding=\"async\" class=\"alignnone size-full wp-image-288\" src=\"http:\/\/www.galianoart.com\/wp-content\/uploads\/2014\/03\/ExpoGu11.jpg\" alt=\"ExpoGu1\" width=\"500\" height=\"234\" srcset=\"https:\/\/www.galianoart.com\/wp-content\/uploads\/2014\/03\/ExpoGu11.jpg 500w, https:\/\/www.galianoart.com\/wp-content\/uploads\/2014\/03\/ExpoGu11-300x140.jpg 300w, https:\/\/www.galianoart.com\/wp-content\/uploads\/2014\/03\/ExpoGu11-250x117.jpg 250w, https:\/\/www.galianoart.com\/wp-content\/uploads\/2014\/03\/ExpoGu11-150x70.jpg 150w\" sizes=\"auto, (max-width: 500px) 100vw, 500px\" \/><\/a><\/p>\n<p align=\"center\"><b>Exposici\u00f3n en la Sala ALARTIS de Alalpardo, Madrid (Septiembre 2009)<\/b><\/p>\n<p align=\"center\"><a href=\"http:\/\/www.galianoart.com\/wp-content\/uploads\/2014\/02\/Satiras-Interior3-copia2.jpg\"><img loading=\"lazy\" decoding=\"async\" class=\"alignnone size-full wp-image-276\" src=\"http:\/\/www.galianoart.com\/wp-content\/uploads\/2014\/03\/ExpAlal5.jpg\" alt=\"ExpAlal\" width=\"500\" height=\"140\" srcset=\"https:\/\/www.galianoart.com\/wp-content\/uploads\/2014\/03\/ExpAlal5.jpg 500w, https:\/\/www.galianoart.com\/wp-content\/uploads\/2014\/03\/ExpAlal5-300x84.jpg 300w, https:\/\/www.galianoart.com\/wp-content\/uploads\/2014\/03\/ExpAlal5-250x70.jpg 250w, https:\/\/www.galianoart.com\/wp-content\/uploads\/2014\/03\/ExpAlal5-150x42.jpg 150w\" sizes=\"auto, (max-width: 500px) 100vw, 500px\" \/><\/a><\/p>\n<p align=\"center\"><b>Sala de Exposiciones de Caja Guadalajara de TOLEDO, 18 de Mayo de 2010<\/b><\/p>\n<p align=\"center\"><a href=\"http:\/\/www.galianoart.com\/wp-content\/uploads\/2014\/02\/Triptico-Toledo-1.jpg\"><img loading=\"lazy\" decoding=\"async\" class=\"alignnone wp-image-1013 size-medium\" src=\"http:\/\/www.galianoart.com\/wp-content\/uploads\/2014\/02\/Triptico-Toledo-1-300x140.jpg\" alt=\"Triptico Toledo 1\" width=\"300\" height=\"140\" srcset=\"https:\/\/www.galianoart.com\/wp-content\/uploads\/2014\/02\/Triptico-Toledo-1-300x140.jpg 300w, https:\/\/www.galianoart.com\/wp-content\/uploads\/2014\/02\/Triptico-Toledo-1-1024x480.jpg 1024w, https:\/\/www.galianoart.com\/wp-content\/uploads\/2014\/02\/Triptico-Toledo-1-250x117.jpg 250w, https:\/\/www.galianoart.com\/wp-content\/uploads\/2014\/02\/Triptico-Toledo-1-150x70.jpg 150w\" sizes=\"auto, (max-width: 300px) 100vw, 300px\" \/><\/a><\/p>\n<p align=\"center\"><b>Exposici\u00f3n en CASA DE VACAS, Ayuntamiento de Madrid, Marzo de 2011.<\/b><\/p>\n<p align=\"center\"><a href=\"http:\/\/www.galianoart.com\/wp-content\/uploads\/2014\/02\/IMAGENEXPOCASADEVACASmetro.jpg\"><img loading=\"lazy\" decoding=\"async\" class=\"alignnone wp-image-1014 size-medium\" src=\"http:\/\/www.galianoart.com\/wp-content\/uploads\/2014\/02\/IMAGENEXPOCASADEVACASmetro-300x125.jpg\" alt=\"IMAGENEXPOCASADEVACASmetro\" width=\"300\" height=\"125\" srcset=\"https:\/\/www.galianoart.com\/wp-content\/uploads\/2014\/02\/IMAGENEXPOCASADEVACASmetro-300x125.jpg 300w, https:\/\/www.galianoart.com\/wp-content\/uploads\/2014\/02\/IMAGENEXPOCASADEVACASmetro-1024x430.jpg 1024w, https:\/\/www.galianoart.com\/wp-content\/uploads\/2014\/02\/IMAGENEXPOCASADEVACASmetro-250x104.jpg 250w, https:\/\/www.galianoart.com\/wp-content\/uploads\/2014\/02\/IMAGENEXPOCASADEVACASmetro-150x62.jpg 150w, https:\/\/www.galianoart.com\/wp-content\/uploads\/2014\/02\/IMAGENEXPOCASADEVACASmetro.jpg 1574w\" sizes=\"auto, (max-width: 300px) 100vw, 300px\" \/><\/a><\/p>\n<p align=\"center\"><b>ARTI11, La Haya (Holanda), Octubre 2011<\/b><\/p>\n<p align=\"center\"><a href=\"http:\/\/www.galianoart.com\/wp-content\/uploads\/2014\/02\/Feria-La-Haya.jpg\"><img loading=\"lazy\" decoding=\"async\" class=\"alignnone wp-image-1017 size-medium\" src=\"http:\/\/www.galianoart.com\/wp-content\/uploads\/2014\/02\/Feria-La-Haya-300x156.jpg\" alt=\"Feria La Haya\" width=\"300\" height=\"156\" srcset=\"https:\/\/www.galianoart.com\/wp-content\/uploads\/2014\/02\/Feria-La-Haya-300x156.jpg 300w, https:\/\/www.galianoart.com\/wp-content\/uploads\/2014\/02\/Feria-La-Haya-1024x535.jpg 1024w, https:\/\/www.galianoart.com\/wp-content\/uploads\/2014\/02\/Feria-La-Haya-250x130.jpg 250w, https:\/\/www.galianoart.com\/wp-content\/uploads\/2014\/02\/Feria-La-Haya-150x78.jpg 150w, https:\/\/www.galianoart.com\/wp-content\/uploads\/2014\/02\/Feria-La-Haya.jpg 1224w\" sizes=\"auto, (max-width: 300px) 100vw, 300px\" \/><\/a><\/p>\n<p align=\"center\"><b>FERIA INTERNACIONAL DE ARTE, Gante (B\u00e9lgica), Diciembre 2011<\/b><\/p>\n<p align=\"center\"><a href=\"http:\/\/www.galianoart.com\/wp-content\/uploads\/2014\/02\/Feria-Gante.jpg\"><img loading=\"lazy\" decoding=\"async\" class=\"alignnone wp-image-1018 size-medium\" src=\"http:\/\/www.galianoart.com\/wp-content\/uploads\/2014\/02\/Feria-Gante-300x120.jpg\" alt=\"Feria Gante\" width=\"300\" height=\"120\" srcset=\"https:\/\/www.galianoart.com\/wp-content\/uploads\/2014\/02\/Feria-Gante-300x120.jpg 300w, https:\/\/www.galianoart.com\/wp-content\/uploads\/2014\/02\/Feria-Gante-250x100.jpg 250w, https:\/\/www.galianoart.com\/wp-content\/uploads\/2014\/02\/Feria-Gante-150x60.jpg 150w, https:\/\/www.galianoart.com\/wp-content\/uploads\/2014\/02\/Feria-Gante.jpg 794w\" sizes=\"auto, (max-width: 300px) 100vw, 300px\" \/><\/a><\/p>\n<p align=\"center\"><b>SIG\u00dcENZA, agosto 2012<\/b><\/p>\n<p align=\"center\"><a href=\"http:\/\/www.galianoart.com\/wp-content\/uploads\/2014\/02\/TRIPTICO-A1.jpg\"><img loading=\"lazy\" decoding=\"async\" class=\"alignnone wp-image-1019 size-medium\" src=\"http:\/\/www.galianoart.com\/wp-content\/uploads\/2014\/02\/TRIPTICO-A1-300x140.jpg\" alt=\"triptico A1\" width=\"300\" height=\"140\" srcset=\"https:\/\/www.galianoart.com\/wp-content\/uploads\/2014\/02\/TRIPTICO-A1-300x140.jpg 300w, https:\/\/www.galianoart.com\/wp-content\/uploads\/2014\/02\/TRIPTICO-A1-1024x477.jpg 1024w, https:\/\/www.galianoart.com\/wp-content\/uploads\/2014\/02\/TRIPTICO-A1-250x116.jpg 250w, https:\/\/www.galianoart.com\/wp-content\/uploads\/2014\/02\/TRIPTICO-A1-150x70.jpg 150w\" sizes=\"auto, (max-width: 300px) 100vw, 300px\" \/><\/a><\/p>\n<p align=\"center\"><b>COLEGIO DE ARQUITECTOS DE GUADALAJARA, septiembre 2013<\/b><\/p>\n<p align=\"center\"><a href=\"http:\/\/www.galianoart.com\/wp-content\/uploads\/2014\/02\/DSC_4258.jpg\"><img loading=\"lazy\" decoding=\"async\" class=\"alignnone wp-image-1021 size-medium\" src=\"http:\/\/www.galianoart.com\/wp-content\/uploads\/2014\/02\/DSC_4258-300x196.jpg\" alt=\"DSC_4258\" width=\"300\" height=\"196\" srcset=\"https:\/\/www.galianoart.com\/wp-content\/uploads\/2014\/02\/DSC_4258-300x196.jpg 300w, https:\/\/www.galianoart.com\/wp-content\/uploads\/2014\/02\/DSC_4258-1024x669.jpg 1024w, https:\/\/www.galianoart.com\/wp-content\/uploads\/2014\/02\/DSC_4258-229x150.jpg 229w, https:\/\/www.galianoart.com\/wp-content\/uploads\/2014\/02\/DSC_4258-150x98.jpg 150w, https:\/\/www.galianoart.com\/wp-content\/uploads\/2014\/02\/DSC_4258.jpg 1772w\" sizes=\"auto, (max-width: 300px) 100vw, 300px\" \/><\/a><\/p>\n<p align=\"center\"><b>Festival de Cine de M\u00c1LAGA (Galer\u00eda Javier Rom\u00e1n), marzo 2014<\/b><\/p>\n<p align=\"center\"><a href=\"http:\/\/www.galianoart.com\/wp-content\/uploads\/2014\/02\/Fotogtama-cero.jpg\"><img loading=\"lazy\" decoding=\"async\" class=\"alignnone wp-image-1024 size-medium\" src=\"http:\/\/www.galianoart.com\/wp-content\/uploads\/2014\/02\/Fotogtama-cero-300x154.jpg\" alt=\"Fotogtama cero\" width=\"300\" height=\"154\" srcset=\"https:\/\/www.galianoart.com\/wp-content\/uploads\/2014\/02\/Fotogtama-cero-300x154.jpg 300w, https:\/\/www.galianoart.com\/wp-content\/uploads\/2014\/02\/Fotogtama-cero-1024x527.jpg 1024w, https:\/\/www.galianoart.com\/wp-content\/uploads\/2014\/02\/Fotogtama-cero-250x128.jpg 250w, https:\/\/www.galianoart.com\/wp-content\/uploads\/2014\/02\/Fotogtama-cero-150x77.jpg 150w, https:\/\/www.galianoart.com\/wp-content\/uploads\/2014\/02\/Fotogtama-cero.jpg 1158w\" sizes=\"auto, (max-width: 300px) 100vw, 300px\" \/><\/a><\/p>\n<p align=\"center\"><span class=\"Apple-style-span\" style=\"color: #000000;\"><b>I FERIA INTERNACIONAL DE ARTE CONTEMPORANEO \u00abDONOSTI ARTEAN\u00bb, \u00a0<\/b><\/span><b>San Sebasti\u00e1n, agosto 2014<\/b><\/p>\n<p align=\"center\"><a href=\"http:\/\/www.galianoart.com\/wp-content\/uploads\/2014\/02\/Donosti-Artean.jpg\"><img loading=\"lazy\" decoding=\"async\" class=\"alignnone wp-image-1025 size-medium\" src=\"http:\/\/www.galianoart.com\/wp-content\/uploads\/2014\/02\/Donosti-Artean-300x147.jpg\" alt=\"Donosti Artean\" width=\"300\" height=\"147\" srcset=\"https:\/\/www.galianoart.com\/wp-content\/uploads\/2014\/02\/Donosti-Artean-300x147.jpg 300w, https:\/\/www.galianoart.com\/wp-content\/uploads\/2014\/02\/Donosti-Artean-250x123.jpg 250w, https:\/\/www.galianoart.com\/wp-content\/uploads\/2014\/02\/Donosti-Artean-150x73.jpg 150w, https:\/\/www.galianoart.com\/wp-content\/uploads\/2014\/02\/Donosti-Artean.jpg 967w\" sizes=\"auto, (max-width: 300px) 100vw, 300px\" \/><\/a><\/p>\n<h2 style=\"text-align: center;\"><a style=\"font-size: 16px;\" href=\"http:\/\/www.galianoart.com\/wp-content\/uploads\/2014\/02\/Invitaci\u00f3n-RReales.jpg\">RETRATOS REALES, Colecci\u00f3n Ayuntamiento de Guadalajara, Octubre 2014<\/a><a style=\"font-size: 16px;\" href=\"http:\/\/www.galianoart.com\/wp-content\/uploads\/2014\/02\/Invitaci\u00f3n-RReales.jpg\"><span style=\"font-size: medium;\"><img loading=\"lazy\" decoding=\"async\" class=\"wp-image-1205 size-medium aligncenter\" src=\"http:\/\/www.galianoart.com\/wp-content\/uploads\/2014\/02\/Invitaci\u00f3n-RReales-300x142.jpg\" alt=\"Invitaci\u00f3n RReales\" width=\"300\" height=\"142\" srcset=\"https:\/\/www.galianoart.com\/wp-content\/uploads\/2014\/02\/Invitaci\u00f3n-RReales-300x142.jpg 300w, https:\/\/www.galianoart.com\/wp-content\/uploads\/2014\/02\/Invitaci\u00f3n-RReales-1024x487.jpg 1024w, https:\/\/www.galianoart.com\/wp-content\/uploads\/2014\/02\/Invitaci\u00f3n-RReales-250x119.jpg 250w, https:\/\/www.galianoart.com\/wp-content\/uploads\/2014\/02\/Invitaci\u00f3n-RReales-150x71.jpg 150w\" sizes=\"auto, (max-width: 300px) 100vw, 300px\" \/><\/span><\/a><\/h2>\n<p><a href=\"http:\/\/www.galianoart.com\/wp-content\/uploads\/2021\/05\/Expo-Sig\u00fcenzArte2020Web.jpg\">Exposici\u00f3n SIG\u00dcENZARTE 2020<img loading=\"lazy\" decoding=\"async\" class=\"wp-image-1662 size-medium aligncenter\" src=\"http:\/\/www.galianoart.com\/wp-content\/uploads\/2021\/05\/Expo-Sig\u00fcenzArte2020Web-214x300.jpg\" alt=\"\" width=\"214\" height=\"300\" srcset=\"https:\/\/www.galianoart.com\/wp-content\/uploads\/2021\/05\/Expo-Sig\u00fcenzArte2020Web-214x300.jpg 214w, https:\/\/www.galianoart.com\/wp-content\/uploads\/2021\/05\/Expo-Sig\u00fcenzArte2020Web-768x1075.jpg 768w, https:\/\/www.galianoart.com\/wp-content\/uploads\/2021\/05\/Expo-Sig\u00fcenzArte2020Web-732x1024.jpg 732w, https:\/\/www.galianoart.com\/wp-content\/uploads\/2021\/05\/Expo-Sig\u00fcenzArte2020Web-107x150.jpg 107w\" sizes=\"auto, (max-width: 214px) 100vw, 214px\" \/><\/a><\/p>\n<p>Exposici\u00f3n en Gran V\u00eda DE MADRID A SIG\u00dcENZA, Abril 2022<\/p>\n<p><a href=\"http:\/\/www.galianoart.com\/wp-content\/uploads\/2024\/02\/EXPGV.jpg\"><img loading=\"lazy\" decoding=\"async\" class=\" wp-image-1681 aligncenter\" src=\"http:\/\/www.galianoart.com\/wp-content\/uploads\/2024\/02\/EXPGV-150x150.jpg\" alt=\"\" width=\"201\" height=\"201\" \/><\/a><\/p>\n<p>Exposici\u00f3n POR LA PUERTA GRANDE, Las Ventas, Madrid, Junio 2022<\/p>\n<p><a href=\"http:\/\/www.galianoart.com\/wp-content\/uploads\/2024\/02\/ExpoLasVentasWeb.jpg\"><img loading=\"lazy\" decoding=\"async\" class=\" wp-image-1682 aligncenter\" src=\"http:\/\/www.galianoart.com\/wp-content\/uploads\/2024\/02\/ExpoLasVentasWeb-150x150.jpg\" alt=\"\" width=\"259\" height=\"259\" \/><\/a><\/p>\n<p>Exposici\u00f3n EL REY ANTE LOS OJOS DE LOS PINTORES ESPA\u00d1OLES, MADRID, ENERO, 2023<a href=\"http:\/\/www.galianoart.com\/wp-content\/uploads\/2024\/02\/IMG_5418.jpg\"><img loading=\"lazy\" decoding=\"async\" class=\"size-thumbnail wp-image-1678 aligncenter\" src=\"http:\/\/www.galianoart.com\/wp-content\/uploads\/2024\/02\/IMG_5418-150x150.jpg\" alt=\"\" width=\"150\" height=\"150\" \/><\/a><\/p>\n<p>Exposici\u00f3n LOS TOROS, UN ARTE VIVO, Casa del Reloj, Madrid, Marzo 2023<\/p>\n<p><a href=\"http:\/\/www.galianoart.com\/wp-content\/uploads\/2024\/02\/TarjetonExpArg.jpg\"><img loading=\"lazy\" decoding=\"async\" class=\"alignleft wp-image-1679 size-thumbnail\" src=\"http:\/\/www.galianoart.com\/wp-content\/uploads\/2024\/02\/TarjetonExpArg-150x150.jpg\" alt=\"\" width=\"150\" height=\"150\" \/><\/a><\/p>\n","protected":false},"excerpt":{"rendered":"<p>Sala de Exposiciones\u00a0 del AYUNTAMIENTO DE MADRID &#8211; DISTRITO RETIRO. Junio 2008 Sala de Arte CAJA GUADALAJARA &#8211; Guadalajara &#8211; Mayo de 2009 Exposici\u00f3n en la Sala ALARTIS de Alalpardo, Madrid (Septiembre 2009) Sala de Exposiciones de Caja Guadalajara de TOLEDO, 18 de Mayo de 2010 Exposici\u00f3n en CASA DE \u2026<\/p>\n<p class=\"continue-reading-button\"> <a class=\"continue-reading-link\" href=\"https:\/\/www.galianoart.com\/?page_id=9\">Continuar leyendo<i class=\"crycon-right-dir\"><\/i><\/a><\/p>\n","protected":false},"author":1,"featured_media":0,"parent":0,"menu_order":0,"comment_status":"closed","ping_status":"closed","template":"templates\/template-onecolumn.php","meta":{"footnotes":""},"class_list":["post-9","page","type-page","status-publish","hentry"],"_links":{"self":[{"href":"https:\/\/www.galianoart.com\/index.php?rest_route=\/wp\/v2\/pages\/9","targetHints":{"allow":["GET"]}}],"collection":[{"href":"https:\/\/www.galianoart.com\/index.php?rest_route=\/wp\/v2\/pages"}],"about":[{"href":"https:\/\/www.galianoart.com\/index.php?rest_route=\/wp\/v2\/types\/page"}],"author":[{"embeddable":true,"href":"https:\/\/www.galianoart.com\/index.php?rest_route=\/wp\/v2\/users\/1"}],"replies":[{"embeddable":true,"href":"https:\/\/www.galianoart.com\/index.php?rest_route=%2Fwp%2Fv2%2Fcomments&post=9"}],"version-history":[{"count":49,"href":"https:\/\/www.galianoart.com\/index.php?rest_route=\/wp\/v2\/pages\/9\/revisions"}],"predecessor-version":[{"id":1689,"href":"https:\/\/www.galianoart.com\/index.php?rest_route=\/wp\/v2\/pages\/9\/revisions\/1689"}],"wp:attachment":[{"href":"https:\/\/www.galianoart.com\/index.php?rest_route=%2Fwp%2Fv2%2Fmedia&parent=9"}],"curies":[{"name":"wp","href":"https:\/\/api.w.org\/{rel}","templated":true}]}}